{"id":2122,"date":"2014-02-23T22:11:47","date_gmt":"2014-02-23T22:11:47","guid":{"rendered":"http:\/\/skruv.org\/?post_type=product&#038;p=2122"},"modified":"2026-04-17T16:48:22","modified_gmt":"2026-04-17T15:48:22","slug":"fran-hjarta-till-hjarta-2011","status":"publish","type":"product","link":"https:\/\/butik.skruv.nu\/be\/product\/fran-hjarta-till-hjarta-2011\/","title":{"rendered":"Fr\u00e5n hj\u00e4rta till hj\u00e4rta 2011"},"content":{"rendered":"<p>Id\u00e9n till boken Fr\u00e5n hj\u00e4rta till hj\u00e4rta 2011 h\u00e4rr\u00f6r fr\u00e5n medlemmarna i ett litter\u00e4rt s\u00e4llskap som skapades f\u00f6r flera \u00e5r sedan och verkar inom ramen f\u00f6r S\u00e4llskapet f\u00f6r kontakter med Ryssland, Ukraina och Vitryssland (Skruv). Boken inneh\u00e5ller verk av 11\u00a0f\u00f6rfattare. Det \u00e4r m\u00e4nniskor av olika nationaliteter, olika \u00e5ldrar och olika \u00f6den. De f\u00f6renas av en \u00f6nskan att uttrycka och dela med sig av k\u00e4nslorna och f\u00f6rst\u00e5elsen f\u00f6r livet. Temana och motiven \u00e4r ganska varierande: gl\u00e4dje och sorg, k\u00e4rlek och separation, det goda och det onda, naturen, sj\u00e4lens &#8220;rymd&#8221;, trassliga relationer mellan m\u00e4nniskor och \u00f6den &#8211; kort sagt allt som ber\u00f6r oss i vardagen. Och var och en av f\u00f6rfattarna har lyckats s\u00e4ga n\u00e5got om det p\u00e5 sitt eget s\u00e4tt.<\/p>\n<p>F\u00f6r urvalet av texter skapades Skruvs litter\u00e4ra r\u00e5d, best\u00e5ende av personer med erfarenhet av arbeta professionellt med litter\u00e4ra verk. Alla verk i boken ing\u00e5r p\u00e5 tv\u00e5 spr\u00e5k, ryska och svenska. Dessutom inneh\u00e5ller boken en text skriven p\u00e5 vitryska.<\/p>\n<p>Boken gavs ut i september 2011 och omfattar\u00a0115 sidor.<\/p>\n","protected":false},"excerpt":{"rendered":"<p>Id\u00e9n till boken Fr\u00e5n hj\u00e4rta till hj\u00e4rta 2011 h\u00e4rr\u00f6r fr\u00e5n medlemmarna i ett litter\u00e4rt s\u00e4llskap som skapades f\u00f6r flera \u00e5r sedan och verkar inom ramen f\u00f6r S\u00e4llskapet f\u00f6r kontakter med Ryssland, Ukraina och Vitryssland (Skruv). Boken inneh\u00e5ller verk av 11\u00a0f\u00f6rfattare. Det \u00e4r m\u00e4nniskor av olika nationaliteter, olika \u00e5ldrar och olika \u00f6den. De f\u00f6renas av en&#8230;<\/p>\n","protected":false},"featured_media":357088,"comment_status":"closed","ping_status":"closed","template":"","meta":{"_seopress_robots_primary_cat":"none","_seopress_titles_title":"","_seopress_titles_desc":"","_seopress_robots_index":"","_kad_post_transparent":"default","_kad_post_title":"","_kad_post_layout":"default","_kad_post_sidebar_id":"","_kad_post_content_style":"default","_kad_post_vertical_padding":"default","_kad_post_feature":"","_kad_post_feature_position":"","_kad_post_header":false,"_kad_post_footer":false,"_kad_post_classname":""},"product_brand":[],"product_cat":[35],"product_tag":[],"class_list":{"0":"post-2122","1":"product","2":"type-product","3":"status-publish","4":"has-post-thumbnail","6":"product_cat-bocker","7":"product_shipping_class-fri","9":"first","10":"instock","11":"shipping-taxable","12":"purchasable","13":"product-type-simple","14":"entry","15":"content-bg","16":"loop-entry"},"_links":{"self":[{"href":"https:\/\/butik.skruv.nu\/be\/wp-json\/wp\/v2\/product\/2122","targetHints":{"allow":["GET"]}}],"collection":[{"href":"https:\/\/butik.skruv.nu\/be\/wp-json\/wp\/v2\/product"}],"about":[{"href":"https:\/\/butik.skruv.nu\/be\/wp-json\/wp\/v2\/types\/product"}],"replies":[{"embeddable":true,"href":"https:\/\/butik.skruv.nu\/be\/wp-json\/wp\/v2\/comments?post=2122"}],"wp:featuredmedia":[{"embeddable":true,"href":"https:\/\/butik.skruv.nu\/be\/wp-json\/wp\/v2\/media\/357088"}],"wp:attachment":[{"href":"https:\/\/butik.skruv.nu\/be\/wp-json\/wp\/v2\/media?parent=2122"}],"wp:term":[{"taxonomy":"product_brand","embeddable":true,"href":"https:\/\/butik.skruv.nu\/be\/wp-json\/wp\/v2\/product_brand?post=2122"},{"taxonomy":"product_cat","embeddable":true,"href":"https:\/\/butik.skruv.nu\/be\/wp-json\/wp\/v2\/product_cat?post=2122"},{"taxonomy":"product_tag","embeddable":true,"href":"https:\/\/butik.skruv.nu\/be\/wp-json\/wp\/v2\/product_tag?post=2122"}],"curies":[{"name":"wp","href":"https:\/\/api.w.org\/{rel}","templated":true}]}}