{"id":2263,"date":"2014-03-11T21:09:02","date_gmt":"2014-03-11T21:09:02","guid":{"rendered":"http:\/\/skruv.org\/?post_type=product&#038;p=2263"},"modified":"2026-04-17T16:48:34","modified_gmt":"2026-04-17T15:48:34","slug":"fran-hjarta-till-hjarta-2010","status":"publish","type":"product","link":"https:\/\/butik.skruv.nu\/be\/product\/fran-hjarta-till-hjarta-2010\/","title":{"rendered":"Fr\u00e5n hj\u00e4rta till hj\u00e4rta 2010"},"content":{"rendered":"<p>I augusti 2010 utkom boken Fr\u00e5n hj\u00e4rta till hj\u00e4rta. Boken best\u00e5r av dikter och noveller p\u00e5 ryska och svenska skrivna av deltagarna i Skruvs litteraturcirkel. I boken medverkar dessutom tv\u00e5 hedersg\u00e4ster, Maxim Zamsjev, chefredakt\u00f6r f\u00f6r tidskriften Rossijskij kolokol (&#8220;Rysslands klocka&#8221;), och Jelena Sjatskich (Lena Shatskikh), f\u00f6rfattare och \u00f6vers\u00e4ttare, medlem i Rysslands F\u00f6rfattarf\u00f6rbund.<\/p>\n<p>Boken har 94 sidor.<\/p>\n","protected":false},"excerpt":{"rendered":"<p>I augusti 2010 utkom boken Fr\u00e5n hj\u00e4rta till hj\u00e4rta. Boken best\u00e5r av dikter och noveller p\u00e5 ryska och svenska skrivna av deltagarna i Skruvs litteraturcirkel. I boken medverkar dessutom tv\u00e5 hedersg\u00e4ster, Maxim Zamsjev, chefredakt\u00f6r f\u00f6r tidskriften Rossijskij kolokol (&#8220;Rysslands klocka&#8221;), och Jelena Sjatskich (Lena Shatskikh), f\u00f6rfattare och \u00f6vers\u00e4ttare, medlem i Rysslands F\u00f6rfattarf\u00f6rbund. Boken har 94&#8230;<\/p>\n","protected":false},"featured_media":357058,"comment_status":"closed","ping_status":"closed","template":"","meta":{"_seopress_robots_primary_cat":"none","_seopress_titles_title":"","_seopress_titles_desc":"","_seopress_robots_index":"","_kad_post_transparent":"default","_kad_post_title":"","_kad_post_layout":"default","_kad_post_sidebar_id":"","_kad_post_content_style":"default","_kad_post_vertical_padding":"default","_kad_post_feature":"","_kad_post_feature_position":"","_kad_post_header":false,"_kad_post_footer":false,"_kad_post_classname":""},"product_brand":[],"product_cat":[35],"product_tag":[],"class_list":{"0":"post-2263","1":"product","2":"type-product","3":"status-publish","4":"has-post-thumbnail","6":"product_cat-bocker","7":"product_shipping_class-fri","9":"first","10":"instock","11":"shipping-taxable","12":"purchasable","13":"product-type-simple","14":"entry","15":"content-bg","16":"loop-entry"},"_links":{"self":[{"href":"https:\/\/butik.skruv.nu\/be\/wp-json\/wp\/v2\/product\/2263","targetHints":{"allow":["GET"]}}],"collection":[{"href":"https:\/\/butik.skruv.nu\/be\/wp-json\/wp\/v2\/product"}],"about":[{"href":"https:\/\/butik.skruv.nu\/be\/wp-json\/wp\/v2\/types\/product"}],"replies":[{"embeddable":true,"href":"https:\/\/butik.skruv.nu\/be\/wp-json\/wp\/v2\/comments?post=2263"}],"wp:featuredmedia":[{"embeddable":true,"href":"https:\/\/butik.skruv.nu\/be\/wp-json\/wp\/v2\/media\/357058"}],"wp:attachment":[{"href":"https:\/\/butik.skruv.nu\/be\/wp-json\/wp\/v2\/media?parent=2263"}],"wp:term":[{"taxonomy":"product_brand","embeddable":true,"href":"https:\/\/butik.skruv.nu\/be\/wp-json\/wp\/v2\/product_brand?post=2263"},{"taxonomy":"product_cat","embeddable":true,"href":"https:\/\/butik.skruv.nu\/be\/wp-json\/wp\/v2\/product_cat?post=2263"},{"taxonomy":"product_tag","embeddable":true,"href":"https:\/\/butik.skruv.nu\/be\/wp-json\/wp\/v2\/product_tag?post=2263"}],"curies":[{"name":"wp","href":"https:\/\/api.w.org\/{rel}","templated":true}]}}