{"id":355139,"date":"2015-10-24T09:46:00","date_gmt":"2015-10-24T09:46:00","guid":{"rendered":"http:\/\/www.skruv.org\/product\/fran-hjarta-till-hjarta-2015-vid-tidens-och-odets-vagskal\/"},"modified":"2026-04-17T16:47:39","modified_gmt":"2026-04-17T15:47:39","slug":"fran-hjarta-till-hjarta-2015-vid-tidens-och-odets-vagskal","status":"publish","type":"product","link":"https:\/\/butik.skruv.nu\/be\/product\/fran-hjarta-till-hjarta-2015-vid-tidens-och-odets-vagskal\/","title":{"rendered":"Fr\u00e5n hj\u00e4rta till hj\u00e4rta 2015: Vid tidens och \u00f6dets v\u00e4gsk\u00e4l"},"content":{"rendered":"<p>Den sj\u00e4tte\u00a0boken i serien Fr\u00e5n hj\u00e4rta till hj\u00e4rta, kallad Vid tidens och \u00f6dets v\u00e4gsk\u00e4l. Utgivningsdatum:\u00a025 oktober 2015.<\/p>\n","protected":false},"excerpt":{"rendered":"<p>Den sj\u00e4tte\u00a0boken i serien Fr\u00e5n hj\u00e4rta till hj\u00e4rta, kallad Vid tidens och \u00f6dets v\u00e4gsk\u00e4l. Utgivningsdatum:\u00a025 oktober 2015.<\/p>\n","protected":false},"featured_media":357070,"comment_status":"closed","ping_status":"closed","template":"","meta":{"_seopress_robots_primary_cat":"none","_seopress_titles_title":"","_seopress_titles_desc":"","_seopress_robots_index":"","_kad_post_transparent":"default","_kad_post_title":"","_kad_post_layout":"default","_kad_post_sidebar_id":"","_kad_post_content_style":"default","_kad_post_vertical_padding":"default","_kad_post_feature":"","_kad_post_feature_position":"","_kad_post_header":false,"_kad_post_footer":false,"_kad_post_classname":""},"product_brand":[],"product_cat":[35],"product_tag":[],"class_list":{"0":"post-355139","1":"product","2":"type-product","3":"status-publish","4":"has-post-thumbnail","6":"product_cat-bocker","7":"product_shipping_class-fri","9":"first","10":"instock","11":"shipping-taxable","12":"purchasable","13":"product-type-simple","14":"entry","15":"content-bg","16":"loop-entry"},"_links":{"self":[{"href":"https:\/\/butik.skruv.nu\/be\/wp-json\/wp\/v2\/product\/355139","targetHints":{"allow":["GET"]}}],"collection":[{"href":"https:\/\/butik.skruv.nu\/be\/wp-json\/wp\/v2\/product"}],"about":[{"href":"https:\/\/butik.skruv.nu\/be\/wp-json\/wp\/v2\/types\/product"}],"replies":[{"embeddable":true,"href":"https:\/\/butik.skruv.nu\/be\/wp-json\/wp\/v2\/comments?post=355139"}],"wp:featuredmedia":[{"embeddable":true,"href":"https:\/\/butik.skruv.nu\/be\/wp-json\/wp\/v2\/media\/357070"}],"wp:attachment":[{"href":"https:\/\/butik.skruv.nu\/be\/wp-json\/wp\/v2\/media?parent=355139"}],"wp:term":[{"taxonomy":"product_brand","embeddable":true,"href":"https:\/\/butik.skruv.nu\/be\/wp-json\/wp\/v2\/product_brand?post=355139"},{"taxonomy":"product_cat","embeddable":true,"href":"https:\/\/butik.skruv.nu\/be\/wp-json\/wp\/v2\/product_cat?post=355139"},{"taxonomy":"product_tag","embeddable":true,"href":"https:\/\/butik.skruv.nu\/be\/wp-json\/wp\/v2\/product_tag?post=355139"}],"curies":[{"name":"wp","href":"https:\/\/api.w.org\/{rel}","templated":true}]}}