{"id":357539,"date":"2024-04-22T18:44:19","date_gmt":"2024-04-22T17:44:19","guid":{"rendered":"https:\/\/butik.skruv.nu\/?post_type=product&#038;p=357539"},"modified":"2025-08-23T09:20:35","modified_gmt":"2025-08-23T08:20:35","slug":"surstrommingsprovning","status":"publish","type":"product","link":"https:\/\/butik.skruv.nu\/be\/product\/surstrommingsprovning\/","title":{"rendered":"Surstr\u00f6mmingsprovning"},"content":{"rendered":"<p>Skruv firar surstr\u00f6mmingspremi\u00e4ren med att provsmaka denna matvara.<\/p>\n<p>Fullst\u00e4ndig information och villkor finns p\u00e5 <a title=\"Kurs f\u00f6r svenskar i flerspr\u00e5kiga familjer \u2013 med fokus p\u00e5 ryska spr\u00e5ket\" href=\"https:\/\/skruv.nu\/aktiviteter\/picknickar\/skruv-provar-surstromming-i-malmo-23-augusti-2025\/\">den h\u00e4r sidan<\/a>.<\/p>\n","protected":false},"excerpt":{"rendered":"<p>Skruv firar surstr\u00f6mmingspremi\u00e4ren med att provsmaka denna matvara. Fullst\u00e4ndig information och villkor finns p\u00e5 den h\u00e4r sidan.<\/p>\n","protected":false},"featured_media":357542,"comment_status":"closed","ping_status":"closed","template":"","meta":{"_seopress_robots_primary_cat":"none","_seopress_titles_title":"","_seopress_titles_desc":"","_seopress_robots_index":"","_seopress_analysis_target_kw":"","_kad_post_transparent":"default","_kad_post_title":"","_kad_post_layout":"default","_kad_post_sidebar_id":"","_kad_post_content_style":"default","_kad_post_vertical_padding":"default","_kad_post_feature":"","_kad_post_feature_position":"","_kad_post_header":false,"_kad_post_footer":false,"_kad_post_classname":""},"product_brand":[],"product_cat":[58],"product_tag":[],"class_list":{"0":"post-357539","1":"product","2":"type-product","3":"status-publish","4":"has-post-thumbnail","6":"product_cat-evenemang","8":"first","9":"outofstock","10":"virtual","11":"purchasable","12":"product-type-simple","13":"entry","14":"content-bg","15":"loop-entry"},"_links":{"self":[{"href":"https:\/\/butik.skruv.nu\/be\/wp-json\/wp\/v2\/product\/357539","targetHints":{"allow":["GET"]}}],"collection":[{"href":"https:\/\/butik.skruv.nu\/be\/wp-json\/wp\/v2\/product"}],"about":[{"href":"https:\/\/butik.skruv.nu\/be\/wp-json\/wp\/v2\/types\/product"}],"replies":[{"embeddable":true,"href":"https:\/\/butik.skruv.nu\/be\/wp-json\/wp\/v2\/comments?post=357539"}],"wp:featuredmedia":[{"embeddable":true,"href":"https:\/\/butik.skruv.nu\/be\/wp-json\/wp\/v2\/media\/357542"}],"wp:attachment":[{"href":"https:\/\/butik.skruv.nu\/be\/wp-json\/wp\/v2\/media?parent=357539"}],"wp:term":[{"taxonomy":"product_brand","embeddable":true,"href":"https:\/\/butik.skruv.nu\/be\/wp-json\/wp\/v2\/product_brand?post=357539"},{"taxonomy":"product_cat","embeddable":true,"href":"https:\/\/butik.skruv.nu\/be\/wp-json\/wp\/v2\/product_cat?post=357539"},{"taxonomy":"product_tag","embeddable":true,"href":"https:\/\/butik.skruv.nu\/be\/wp-json\/wp\/v2\/product_tag?post=357539"}],"curies":[{"name":"wp","href":"https:\/\/api.w.org\/{rel}","templated":true}]}}