{"id":357591,"date":"2024-08-07T14:05:49","date_gmt":"2024-08-07T13:05:49","guid":{"rendered":"https:\/\/butik.skruv.nu\/?post_type=product&#038;p=357591"},"modified":"2026-04-17T16:46:50","modified_gmt":"2026-04-17T15:46:50","slug":"cirkel-i-latinmix-fitnessdans-i-malmo-vt-2025","status":"publish","type":"product","link":"https:\/\/butik.skruv.nu\/be\/product\/cirkel-i-latinmix-fitnessdans-i-malmo-vt-2025\/","title":{"rendered":"Cirkel i LatinMix (fitnessdans) i Malm\u00f6 vt 2025"},"content":{"rendered":"<p>En termin. L\u00e4s mer p\u00e5 <a href=\"https:\/\/skruv.nu\/aktiviteter\/dans\/cirkel-i-latinmix-fitnessdans-i-malmo-2-mars-2025\/\">https:\/\/skruv.nu\/aktiviteter\/dans\/cirkel-i-latinmix-fitnessdans-i-malmo-2-mars-2025\/<\/a><\/p>\n","protected":false},"excerpt":{"rendered":"<p>En termin. L\u00e4s mer p\u00e5 https:\/\/skruv.nu\/aktiviteter\/dans\/cirkel-i-latinmix-fitnessdans-i-malmo-2-mars-2025\/<\/p>\n","protected":false},"featured_media":357594,"comment_status":"closed","ping_status":"closed","template":"","meta":{"_seopress_robots_primary_cat":"none","_seopress_titles_title":"","_seopress_titles_desc":"","_seopress_robots_index":"","_kad_post_transparent":"default","_kad_post_title":"","_kad_post_layout":"default","_kad_post_sidebar_id":"","_kad_post_content_style":"default","_kad_post_vertical_padding":"default","_kad_post_feature":"","_kad_post_feature_position":"","_kad_post_header":false,"_kad_post_footer":false,"_kad_post_classname":""},"product_brand":[],"product_cat":[58],"product_tag":[],"class_list":{"0":"post-357591","1":"product","2":"type-product","3":"status-publish","4":"has-post-thumbnail","6":"product_cat-evenemang","8":"first","9":"instock","10":"virtual","11":"purchasable","12":"product-type-simple","13":"entry","14":"content-bg","15":"loop-entry"},"_links":{"self":[{"href":"https:\/\/butik.skruv.nu\/be\/wp-json\/wp\/v2\/product\/357591","targetHints":{"allow":["GET"]}}],"collection":[{"href":"https:\/\/butik.skruv.nu\/be\/wp-json\/wp\/v2\/product"}],"about":[{"href":"https:\/\/butik.skruv.nu\/be\/wp-json\/wp\/v2\/types\/product"}],"replies":[{"embeddable":true,"href":"https:\/\/butik.skruv.nu\/be\/wp-json\/wp\/v2\/comments?post=357591"}],"wp:featuredmedia":[{"embeddable":true,"href":"https:\/\/butik.skruv.nu\/be\/wp-json\/wp\/v2\/media\/357594"}],"wp:attachment":[{"href":"https:\/\/butik.skruv.nu\/be\/wp-json\/wp\/v2\/media?parent=357591"}],"wp:term":[{"taxonomy":"product_brand","embeddable":true,"href":"https:\/\/butik.skruv.nu\/be\/wp-json\/wp\/v2\/product_brand?post=357591"},{"taxonomy":"product_cat","embeddable":true,"href":"https:\/\/butik.skruv.nu\/be\/wp-json\/wp\/v2\/product_cat?post=357591"},{"taxonomy":"product_tag","embeddable":true,"href":"https:\/\/butik.skruv.nu\/be\/wp-json\/wp\/v2\/product_tag?post=357591"}],"curies":[{"name":"wp","href":"https:\/\/api.w.org\/{rel}","templated":true}]}}