{"id":357642,"date":"2024-08-15T09:31:37","date_gmt":"2024-08-15T08:31:37","guid":{"rendered":"https:\/\/butik.skruv.nu\/?post_type=product&#038;p=357642"},"modified":"2026-04-17T16:46:41","modified_gmt":"2026-04-17T15:46:41","slug":"meny-2-vid-foreningsgalan-i-malmo-2024","status":"publish","type":"product","link":"https:\/\/butik.skruv.nu\/be\/product\/meny-2-vid-foreningsgalan-i-malmo-2024\/","title":{"rendered":"Meny 2 vid f\u00f6reningsgalan i Malm\u00f6 2024"},"content":{"rendered":"<p>Entr\u00e9avgift f\u00f6r en person till f\u00f6reningsgalan i Malm\u00f6 4 oktober 2024. I den h\u00e4r biljetten ing\u00e5r <strong>meny 2<\/strong> (vegetarisk varmr\u00e4tt). \u00d6nskas inte vegetarisk varmr\u00e4tt, v\u00e4lj meny 1 i st\u00e4llet.<\/p>\n<p>F\u00f6reningsgalan \u00e4r en gala f\u00f6r att hylla v\u00e5ra eldsj\u00e4lar och f\u00f6reningar i Malm\u00f6.<\/p>\n<p>L\u00e4s mer p\u00e5 <a href=\"https:\/\/skruv.nu\/aktiviteter\/foreningsdemokrati\/skruv-deltar-i-malmo-stads-foreningsgala-4-oktober-2024\/\">den h\u00e4r sidan<\/a>.<\/p>\n","protected":false},"excerpt":{"rendered":"<p>Entr\u00e9avgift f\u00f6r en person till f\u00f6reningsgalan i Malm\u00f6 4 oktober 2024. I den h\u00e4r biljetten ing\u00e5r meny 2 (vegetarisk varmr\u00e4tt). \u00d6nskas inte vegetarisk varmr\u00e4tt, v\u00e4lj meny 1 i st\u00e4llet. F\u00f6reningsgalan \u00e4r en gala f\u00f6r att hylla v\u00e5ra eldsj\u00e4lar och f\u00f6reningar i Malm\u00f6. L\u00e4s mer p\u00e5 den h\u00e4r sidan.<\/p>\n","protected":false},"featured_media":357636,"comment_status":"closed","ping_status":"closed","template":"","meta":{"_seopress_robots_primary_cat":"none","_seopress_titles_title":"","_seopress_titles_desc":"","_seopress_robots_index":"","_seopress_analysis_target_kw":"","_kad_post_transparent":"default","_kad_post_title":"","_kad_post_layout":"default","_kad_post_sidebar_id":"","_kad_post_content_style":"default","_kad_post_vertical_padding":"default","_kad_post_feature":"","_kad_post_feature_position":"","_kad_post_header":false,"_kad_post_footer":false,"_kad_post_classname":""},"product_brand":[],"product_cat":[58,70],"product_tag":[],"class_list":{"0":"post-357642","1":"product","2":"type-product","3":"status-publish","4":"has-post-thumbnail","6":"product_cat-evenemang","7":"product_cat-gala","9":"first","10":"outofstock","11":"virtual","12":"purchasable","13":"product-type-simple","14":"entry","15":"content-bg","16":"loop-entry"},"_links":{"self":[{"href":"https:\/\/butik.skruv.nu\/be\/wp-json\/wp\/v2\/product\/357642","targetHints":{"allow":["GET"]}}],"collection":[{"href":"https:\/\/butik.skruv.nu\/be\/wp-json\/wp\/v2\/product"}],"about":[{"href":"https:\/\/butik.skruv.nu\/be\/wp-json\/wp\/v2\/types\/product"}],"replies":[{"embeddable":true,"href":"https:\/\/butik.skruv.nu\/be\/wp-json\/wp\/v2\/comments?post=357642"}],"wp:featuredmedia":[{"embeddable":true,"href":"https:\/\/butik.skruv.nu\/be\/wp-json\/wp\/v2\/media\/357636"}],"wp:attachment":[{"href":"https:\/\/butik.skruv.nu\/be\/wp-json\/wp\/v2\/media?parent=357642"}],"wp:term":[{"taxonomy":"product_brand","embeddable":true,"href":"https:\/\/butik.skruv.nu\/be\/wp-json\/wp\/v2\/product_brand?post=357642"},{"taxonomy":"product_cat","embeddable":true,"href":"https:\/\/butik.skruv.nu\/be\/wp-json\/wp\/v2\/product_cat?post=357642"},{"taxonomy":"product_tag","embeddable":true,"href":"https:\/\/butik.skruv.nu\/be\/wp-json\/wp\/v2\/product_tag?post=357642"}],"curies":[{"name":"wp","href":"https:\/\/api.w.org\/{rel}","templated":true}]}}