{"id":97410,"date":"2014-11-26T22:04:07","date_gmt":"2014-11-26T22:04:07","guid":{"rendered":"http:\/\/www.skruv.org\/?post_type=product&#038;p=97410"},"modified":"2026-04-17T16:48:41","modified_gmt":"2026-04-17T15:48:41","slug":"fran-hjarta-till-hjarta-2014-maktigt-ar-karlekens-sprak-volym-1","status":"publish","type":"product","link":"https:\/\/butik.skruv.nu\/be\/product\/fran-hjarta-till-hjarta-2014-maktigt-ar-karlekens-sprak-volym-1\/","title":{"rendered":"Fr\u00e5n hj\u00e4rta till hj\u00e4rta 2014: M\u00e4ktigt \u00e4r k\u00e4rlekens spr\u00e5k! (volym 1)"},"content":{"rendered":"<p>Den femte\u00a0boken i serien Fr\u00e5n hj\u00e4rta till hj\u00e4rta, kallad M\u00e4ktigt \u00e4r k\u00e4rlekens spr\u00e5k! (volym 1), kom ut i november 2014.<\/p>\n<p>Boken omfattar 180\u00a0sidor.<\/p>\n","protected":false},"excerpt":{"rendered":"<p>Den femte\u00a0boken i serien Fr\u00e5n hj\u00e4rta till hj\u00e4rta, kallad M\u00e4ktigt \u00e4r k\u00e4rlekens spr\u00e5k! (volym 1), kom ut i november 2014. Boken omfattar 180\u00a0sidor.<\/p>\n","protected":false},"featured_media":357067,"comment_status":"closed","ping_status":"closed","template":"","meta":{"_seopress_robots_primary_cat":"none","_seopress_titles_title":"","_seopress_titles_desc":"","_seopress_robots_index":"","_kad_post_transparent":"default","_kad_post_title":"","_kad_post_layout":"default","_kad_post_sidebar_id":"","_kad_post_content_style":"default","_kad_post_vertical_padding":"default","_kad_post_feature":"","_kad_post_feature_position":"","_kad_post_header":false,"_kad_post_footer":false,"_kad_post_classname":""},"product_brand":[],"product_cat":[35],"product_tag":[],"class_list":{"0":"post-97410","1":"product","2":"type-product","3":"status-publish","4":"has-post-thumbnail","6":"product_cat-bocker","7":"product_shipping_class-fri","9":"first","10":"instock","11":"shipping-taxable","12":"purchasable","13":"product-type-simple","14":"entry","15":"content-bg","16":"loop-entry"},"_links":{"self":[{"href":"https:\/\/butik.skruv.nu\/be\/wp-json\/wp\/v2\/product\/97410","targetHints":{"allow":["GET"]}}],"collection":[{"href":"https:\/\/butik.skruv.nu\/be\/wp-json\/wp\/v2\/product"}],"about":[{"href":"https:\/\/butik.skruv.nu\/be\/wp-json\/wp\/v2\/types\/product"}],"replies":[{"embeddable":true,"href":"https:\/\/butik.skruv.nu\/be\/wp-json\/wp\/v2\/comments?post=97410"}],"wp:featuredmedia":[{"embeddable":true,"href":"https:\/\/butik.skruv.nu\/be\/wp-json\/wp\/v2\/media\/357067"}],"wp:attachment":[{"href":"https:\/\/butik.skruv.nu\/be\/wp-json\/wp\/v2\/media?parent=97410"}],"wp:term":[{"taxonomy":"product_brand","embeddable":true,"href":"https:\/\/butik.skruv.nu\/be\/wp-json\/wp\/v2\/product_brand?post=97410"},{"taxonomy":"product_cat","embeddable":true,"href":"https:\/\/butik.skruv.nu\/be\/wp-json\/wp\/v2\/product_cat?post=97410"},{"taxonomy":"product_tag","embeddable":true,"href":"https:\/\/butik.skruv.nu\/be\/wp-json\/wp\/v2\/product_tag?post=97410"}],"curies":[{"name":"wp","href":"https:\/\/api.w.org\/{rel}","templated":true}]}}