{"id":11205,"date":"2014-06-15T14:04:38","date_gmt":"2014-06-15T14:04:38","guid":{"rendered":"http:\/\/skruv.org\/?post_type=product&#038;p=11205"},"modified":"2026-04-17T16:48:38","modified_gmt":"2026-04-17T15:48:38","slug":"fran-hjarta-till-hjarta-2013-pa-karlekens-vagor","status":"publish","type":"product","link":"https:\/\/butik.skruv.nu\/uk\/product\/fran-hjarta-till-hjarta-2013-pa-karlekens-vagor\/","title":{"rendered":"Fr\u00e5n hj\u00e4rta till hj\u00e4rta 2013: P\u00e5 k\u00e4rlekens v\u00e5gor"},"content":{"rendered":"<p>Den fj\u00e4rde\u00a0boken i serien Fr\u00e5n hj\u00e4rta till hj\u00e4rta, kallad K\u00e4rlek \u00f6ver gr\u00e4nserna, kom ut i oktober 2013.<\/p>\n<p>Boken omfattar 227 sidor.<\/p>\n","protected":false},"excerpt":{"rendered":"<p>Den fj\u00e4rde\u00a0boken i serien Fr\u00e5n hj\u00e4rta till hj\u00e4rta, kallad K\u00e4rlek \u00f6ver gr\u00e4nserna, kom ut i oktober 2013. Boken omfattar 227 sidor.<\/p>\n","protected":false},"featured_media":357011,"comment_status":"closed","ping_status":"closed","template":"","meta":{"_seopress_robots_primary_cat":"none","_seopress_titles_title":"","_seopress_titles_desc":"","_seopress_robots_index":"","_kad_post_transparent":"default","_kad_post_title":"","_kad_post_layout":"default","_kad_post_sidebar_id":"","_kad_post_content_style":"default","_kad_post_vertical_padding":"default","_kad_post_feature":"","_kad_post_feature_position":"","_kad_post_header":false,"_kad_post_footer":false,"_kad_post_classname":""},"product_brand":[],"product_cat":[35],"product_tag":[],"class_list":{"0":"post-11205","1":"product","2":"type-product","3":"status-publish","4":"has-post-thumbnail","6":"product_cat-bocker","7":"product_shipping_class-fri","9":"first","10":"instock","11":"shipping-taxable","12":"purchasable","13":"product-type-simple","14":"entry","15":"content-bg","16":"loop-entry"},"_links":{"self":[{"href":"https:\/\/butik.skruv.nu\/uk\/wp-json\/wp\/v2\/product\/11205","targetHints":{"allow":["GET"]}}],"collection":[{"href":"https:\/\/butik.skruv.nu\/uk\/wp-json\/wp\/v2\/product"}],"about":[{"href":"https:\/\/butik.skruv.nu\/uk\/wp-json\/wp\/v2\/types\/product"}],"replies":[{"embeddable":true,"href":"https:\/\/butik.skruv.nu\/uk\/wp-json\/wp\/v2\/comments?post=11205"}],"wp:featuredmedia":[{"embeddable":true,"href":"https:\/\/butik.skruv.nu\/uk\/wp-json\/wp\/v2\/media\/357011"}],"wp:attachment":[{"href":"https:\/\/butik.skruv.nu\/uk\/wp-json\/wp\/v2\/media?parent=11205"}],"wp:term":[{"taxonomy":"product_brand","embeddable":true,"href":"https:\/\/butik.skruv.nu\/uk\/wp-json\/wp\/v2\/product_brand?post=11205"},{"taxonomy":"product_cat","embeddable":true,"href":"https:\/\/butik.skruv.nu\/uk\/wp-json\/wp\/v2\/product_cat?post=11205"},{"taxonomy":"product_tag","embeddable":true,"href":"https:\/\/butik.skruv.nu\/uk\/wp-json\/wp\/v2\/product_tag?post=11205"}],"curies":[{"name":"wp","href":"https:\/\/api.w.org\/{rel}","templated":true}]}}